{"id":12,"date":"2025-04-15T11:42:26","date_gmt":"2025-04-15T09:42:26","guid":{"rendered":"https:\/\/tcebati3d.com\/?page_id=12"},"modified":"2025-11-18T14:57:19","modified_gmt":"2025-11-18T13:57:19","slug":"synthese-bim-management-modelisation-tce-bati-3d","status":"publish","type":"page","link":"https:\/\/tcebati3d.com\/","title":{"rendered":"Accueil"},"content":{"rendered":"<h1 style=\"text-align: center;\">\u00c0 PROPOS<\/h1>\n<div class=\"section reverse\">\n<div class=\"image\"><img decoding=\"async\" src=\"http:\/\/tcebati3d.com\/wp-content\/uploads\/2025\/04\/david-citation.png\" alt=\"Image 2\" \/><\/div>\n<div class=\"text\">\n<h3>\u00c0 l&#8217;\u00c9COUTE DE VOS DEMANDES<\/h3>\n<p>Chez TCE Bati 3D, nous pla\u00e7ons <strong>vos besoins au c\u0153ur de notre d\u00e9marche.<\/strong> Gr\u00e2ce \u00e0 notre expertise en <strong>synth\u00e8se technique, BIM Management et mod\u00e9lisation 3D<\/strong>, nous vous accompagnons \u00e0 chaque \u00e9tape de votre projet, <strong>en assurant une parfaite coordination entre les diff\u00e9rents acteurs.<\/strong><\/p>\n<p><strong>Notre approche collaborative<\/strong> et <strong>notre ma\u00eetrise des outils num\u00e9riques<\/strong> nous permettent de r\u00e9pondre avec pr\u00e9cision \u00e0 vos attentes.<\/p>\n<\/div>\n<\/div>\n<div class=\"garanties-section\">\n<h1 style=\"text-align: center;\">NOS GARANTIES<\/h1>\n<p>&nbsp;<\/p>\n<div class=\"features-container\">\n<div class=\"feature\">\n<p><img decoding=\"async\" src=\"http:\/\/tcebati3d.com\/wp-content\/uploads\/2025\/04\/user-tick-svgrepo-com.svg\" alt=\"\u00c9quipe qualifi\u00e9e &amp; reconnue\" \/>\u00c9QUIPE QUALIFI\u00c9E &amp; RECONNUE<\/p>\n<\/div>\n<div class=\"feature\">\n<p><img decoding=\"async\" src=\"http:\/\/tcebati3d.com\/wp-content\/uploads\/2025\/04\/emoji-normal-svgrepo-com.svg\" alt=\"Entreprise fiable &amp; \u00e0 l'\u00e9coute\" \/>ENTREPRISE FIABLE &amp; \u00c0 L\u2019\u00c9COUTE<\/p>\n<\/div>\n<div class=\"feature\">\n<p><img decoding=\"async\" src=\"http:\/\/tcebati3d.com\/wp-content\/uploads\/2025\/04\/watch-svgrepo-com.svg\" alt=\"Respect des d\u00e9lais\" \/>RESPECT DES D\u00c9LAIS<\/p>\n<\/div>\n<div class=\"feature\">\n<p><img decoding=\"async\" src=\"http:\/\/tcebati3d.com\/wp-content\/uploads\/2025\/04\/lock-svgrepo-com.svg\" alt=\"S\u00e9curit\u00e9 &amp; \u00e9thique garanties\" \/>S\u00c9CURIT\u00c9 &amp; \u00c9THIQUE GARANTIES<\/p>\n<\/div>\n<div class=\"feature\">\n<p><img decoding=\"async\" src=\"http:\/\/tcebati3d.com\/wp-content\/uploads\/2025\/04\/monitor-svgrepo-com.svg\" alt=\"Logiciels derni\u00e8re g\u00e9n\u00e9ration\" \/>LOGICIELS DERNI\u00c8RE G\u00c9N\u00c9RATION (CAO, DAO\u2026)<\/p>\n<\/div>\n<\/div>\n<div class=\"section\">\n<div class=\"text\">\n<h3>UN PROJET QUI VOUS RESSEMBLE<\/h3>\n<p>Chez TCE Bati 3D, nous croyons que <strong>chaque projet est unique.<\/strong> C\u2019est pourquoi nous mettons un point d\u2019honneur \u00e0 <strong>comprendre vos besoins sp\u00e9cifiques<\/strong> et \u00e0 <strong>personnaliser nos solutions en fonction de vos objectifs.<\/strong><\/p>\n<p>Gr\u00e2ce \u00e0 notre expertise en mod\u00e9lisation 3D et en BIM Management, nous vous offrons <strong>des solutions sur-mesure<\/strong>, en parfaite <strong>ad\u00e9quation avec vos attentes<\/strong>, pour que chaque aspect de <strong>votre projet refl\u00e8te vos valeurs et vos ambitions.<\/strong><\/p>\n<\/div>\n<div class=\"image\"><img decoding=\"async\" src=\"http:\/\/tcebati3d.com\/wp-content\/uploads\/2025\/04\/bat-1.gif\" alt=\"Lyc\u00e9e 1800 - Gragnague (31)\" \/><\/div>\n<\/div>\n<div class=\"section reverse\">\n<div class=\"image\"><img decoding=\"async\" src=\"http:\/\/tcebati3d.com\/wp-content\/uploads\/2025\/04\/bat-2gif.gif\" alt=\"Logements Vill'harmonica - Pau (64) - TCE Bati 3D\" \/><\/div>\n<div class=\"text\">\n<h3>LES \u00c9TAPES DE VOTRE PROJET<\/h3>\n<ul>\n<li><strong>Analyse<\/strong> des besoins et \u00e9tude technique,<\/li>\n<li><strong>Coordination<\/strong> et gestion des flux d&#8217;informations,<\/li>\n<li><strong>Mod\u00e9lisation<\/strong> <strong>3D<\/strong> et d\u00e9tection des conflits,<\/li>\n<li><strong>Optimisation<\/strong> des interfaces entre les diff\u00e9rents corps d&#8217;\u00e9tat,<\/li>\n<li><strong>Suivi<\/strong> et <strong>validation<\/strong> des maquettes num\u00e9riques,<\/li>\n<li><strong>Accompagnement<\/strong> tout au long de la phase d&#8217;ex\u00e9cution.<\/li>\n<\/ul>\n<\/div>\n<\/div>\n<\/div>\n<h1 style=\"text-align: center;\">NOS R\u00c9ALISATIONS<\/h1>\n<p><!-- DEBUT - CARROUSEL PERSONNALIS\u00c9 --><\/p>\n<div class=\"custom-carousel-wrapper\" aria-label=\"Carrousel r\u00e9alisations\">\n<div class=\"custom-carousel-track\">\n<p><!-- Carte 1 --><\/p>\n<div class=\"custom-card\" tabindex=\"0\">\n<div class=\"custom-card-image\"><img decoding=\"async\" src=\"http:\/\/tcebati3d.com\/wp-content\/uploads\/2025\/10\/MED02.png\" alt=\"M\u00e9dip\u00f4le\" \/><\/div>\n<div class=\"custom-card-info\">\n<h3>M\u00e9dip\u00f4le<\/h3>\n<p class=\"intro\">Cette extension majeure vise \u00e0 moderniser la clinique et \u00e0 augmenter sa capacit\u00e9 d\u2019accueil tout en garantissant la continuit\u00e9 de l\u2019activit\u00e9 m\u00e9dicale.<\/p>\n<p><a class=\"custom-btn\" href=\"http:\/\/tcebati3d.com\/index.php\/medipole-a-toulouse-31\/\">Voir le projet<\/a><\/p>\n<\/div>\n<\/div>\n<p><!-- Carte 2 --><\/p>\n<div class=\"custom-card\" tabindex=\"0\">\n<div class=\"custom-card-image\"><img decoding=\"async\" src=\"http:\/\/tcebati3d.com\/wp-content\/uploads\/2025\/10\/SALVIAC02.png\" alt=\"Salviac\" \/><\/div>\n<div class=\"custom-card-info\">\n<h3>Salviac<\/h3>\n<p class=\"intro\">Design cr\u00e9atif et solutions graphiques adapt\u00e9es aux besoins des entreprises modernes.<\/p>\n<p><a class=\"custom-btn\" href=\"https:\/\/tcebati3d.com\">Voir le projet<\/a><\/p>\n<\/div>\n<\/div>\n<p><!-- Carte 3 --><\/p>\n<div class=\"custom-card\" tabindex=\"0\">\n<div class=\"custom-card-image\"><img decoding=\"async\" src=\"http:\/\/tcebati3d.com\/wp-content\/uploads\/2025\/10\/RTE03.png\" alt=\"RTE\" \/><\/div>\n<div class=\"custom-card-info\">\n<h3>RTE<\/h3>\n<p class=\"intro\">D\u00e9veloppement d\u2019un projet mode et mod\u00e9lisation 3D pour pr\u00e9senter des collections.<\/p>\n<p><a class=\"custom-btn\" href=\"https:\/\/tcebati3d.com\">Voir le projet<\/a><\/p>\n<\/div>\n<\/div>\n<p><!-- Carte 4 --><\/p>\n<div class=\"custom-card\" tabindex=\"0\">\n<div class=\"custom-card-image\"><img decoding=\"async\" src=\"http:\/\/tcebati3d.com\/wp-content\/uploads\/2025\/10\/CCO03.png\" alt=\"CCO\" \/><\/div>\n<div class=\"custom-card-info\">\n<h3>CCO<\/h3>\n<p class=\"intro\">R\u00e9alisation d\u2019une vid\u00e9o de pr\u00e9sentation mettant en avant le jeu d\u2019acteur.<\/p>\n<p><a class=\"custom-btn\" href=\"https:\/\/tcebati3d.com\">Voir le projet<\/a><\/p>\n<\/div>\n<\/div>\n<\/div>\n<p><!-- Boutons navigation --><br \/>\n<button class=\"custom-carousel-btn prev\" aria-label=\"Pr\u00e9c\u00e9dent\">\u2039<\/button><br \/>\n<button class=\"custom-carousel-btn next\" aria-label=\"Suivant\">\u203a<\/button><\/p>\n<\/div>\n<p><!-- FIN - CARROUSEL PERSONNALIS\u00c9 --><\/p>\n<p><script>\ndocument.addEventListener(\"DOMContentLoaded\", function () {\n  const track = document.querySelector(\".custom-carousel-track\");\n  const cards = Array.from(track.children);\n  const prevButton = document.querySelector(\".custom-carousel-btn.prev\");\n  const nextButton = document.querySelector(\".custom-carousel-btn.next\");<\/p>\n<p>  let currentIndex = 0;<\/p>\n<p>  function updateCarousel() {\n    const cardWidth = cards[0].getBoundingClientRect().width + 24; \/\/ largeur + margin\n    const offset = -(currentIndex * cardWidth);\n    track.style.transform = `translateX(${offset}px)`;\n  }<\/p>\n<p>  prevButton.addEventListener(\"click\", () => {\n    currentIndex--;\n    if (currentIndex < 0) { currentIndex = cards.length - 1; \/\/ repart \u00e0 la fin } updateCarousel(); }); nextButton.addEventListener(\"click\", () => {\n    currentIndex++;\n    if (currentIndex > cards.length - 1) {\n      currentIndex = 0; \/\/ repart au d\u00e9but\n    }\n    updateCarousel();\n  });<\/p>\n<p>  \/\/ initialisation\n  updateCarousel();\n});\n<\/script><\/p>\n<p>&nbsp;<\/p>\n<p>&nbsp;<\/p>\n<h1 style=\"text-align: center;\">ILS COMPTENT SUR NOUS<\/h1>\n<p>&nbsp;<\/p>\n<div class=\"logo-slider-container\">\n<div class=\"logo-slider-track\">\n<div class=\"logo-slide\"><img decoding=\"async\" src=\"http:\/\/tcebati3d.com\/wp-content\/uploads\/2025\/04\/AIRBUS.png\" alt=\"Logo 1\" \/><\/div>\n<div class=\"logo-slide\"><img decoding=\"async\" src=\"http:\/\/tcebati3d.com\/wp-content\/uploads\/2025\/04\/A2MO.png\" alt=\"Logo 2\" \/><\/div>\n<div class=\"logo-slide\"><img decoding=\"async\" src=\"http:\/\/tcebati3d.com\/wp-content\/uploads\/2025\/04\/SOCOTEC.png\" alt=\"Logo 3\" \/><\/div>\n<div class=\"logo-slide\"><img decoding=\"async\" src=\"http:\/\/tcebati3d.com\/wp-content\/uploads\/2025\/04\/Logo-MAS-BTP-fond-transparent@3x-scaled.png\" alt=\"Logo 4\" \/><\/div>\n<div class=\"logo-slide\"><img decoding=\"async\" src=\"http:\/\/tcebati3d.com\/wp-content\/uploads\/2025\/04\/BETEM.png\" alt=\"Logo 5\" \/><\/div>\n<div class=\"logo-slide\"><img decoding=\"async\" src=\"http:\/\/tcebati3d.com\/wp-content\/uploads\/2025\/04\/EIFFAGE-INFRASTRUCTURES-scaled.png\" alt=\"Logo 6\" \/><\/div>\n<p><!-- Doublon pour boucle fluide --><\/p>\n<div class=\"logo-slide\"><img decoding=\"async\" src=\"http:\/\/tcebati3d.com\/wp-content\/uploads\/2025\/04\/SMAP.png\" alt=\"Logo 1\" \/><\/div>\n<div class=\"logo-slide\"><img decoding=\"async\" src=\"http:\/\/tcebati3d.com\/wp-content\/uploads\/2025\/04\/AC2R.png\" alt=\"Logo 2\" \/><\/div>\n<div class=\"logo-slide\"><img decoding=\"async\" src=\"http:\/\/tcebati3d.com\/wp-content\/uploads\/2025\/04\/SOCOTEC.png\" alt=\"Logo 3\" \/><\/div>\n<div class=\"logo-slide\"><img decoding=\"async\" src=\"http:\/\/tcebati3d.com\/wp-content\/uploads\/2025\/04\/ASTEN-scaled.png\" alt=\"Logo 4\" \/><\/div>\n<div class=\"logo-slide\"><img decoding=\"async\" src=\"http:\/\/tcebati3d.com\/wp-content\/uploads\/2025\/04\/BETEM.png\" alt=\"Logo 5\" \/><\/div>\n<div class=\"logo-slide\"><img decoding=\"async\" src=\"http:\/\/tcebati3d.com\/wp-content\/uploads\/2025\/04\/EIFFAGE-ENERGIES-SO.png\" alt=\"Logo 6\" \/><\/div>\n<\/div>\n<\/div>\n<p>&nbsp;<\/p>\n<div id=\"fin-page\"><\/div>\n<h1 style=\"text-align: center;\">NOUS CONTACTER<\/h1>\n<div class=\"features-container\">\n<div class=\"feature\">\n<p><img decoding=\"async\" src=\"http:\/\/tcebati3d.com\/wp-content\/uploads\/2025\/04\/call-svgrepo-com.svg\" alt=\"\u00c9quipe qualifi\u00e9e &amp; reconnue\" \/><a href=\"tel:05 59 84 94 12\" target=\"_blank\" rel=\"noopener\"><strong>05 59 84 94 12<\/strong><\/a><br \/>\n<a href=\"tel:06 21 12 74 44\" target=\"_blank\" rel=\"noopener\"><strong>06 21 12 74 44<\/strong><\/a><\/p>\n<\/div>\n<div class=\"feature\">\n<p><img decoding=\"async\" src=\"http:\/\/tcebati3d.com\/wp-content\/uploads\/2025\/04\/sms-tracking-svgrepo-com.svg\" alt=\"Entreprise fiable &amp; \u00e0 l'\u00e9coute\" \/><a href=\"mailto:tcebati3d@mas-btp.com\" target=\"_blank\" rel=\"noopener\"><strong>tcebati3d@mas-btp.com<\/strong><\/a><\/p>\n<\/div>\n<div class=\"feature\">\n<p><img decoding=\"async\" src=\"http:\/\/tcebati3d.com\/wp-content\/uploads\/2025\/04\/map-svgrepo-com.svg\" alt=\"Respect des d\u00e9lais\" \/><strong>25, Avenue de l&#8217;Europe<\/strong><br \/>\n<strong>64051 PAU<\/strong><\/p>\n<\/div>\n<\/div>\n<h3>LAISSEZ NOUS UN MESSAGE<\/h3>\n\n<div class=\"wpcf7 no-js\" id=\"wpcf7-f247-o1\" lang=\"fr-FR\" dir=\"ltr\" data-wpcf7-id=\"247\">\n<div class=\"screen-reader-response\"><p role=\"status\" aria-live=\"polite\" aria-atomic=\"true\"><\/p> <ul><\/ul><\/div>\n<form action=\"\/index.php\/wp-json\/wp\/v2\/pages\/12#wpcf7-f247-o1\" method=\"post\" class=\"wpcf7-form init\" aria-label=\"Formulaire de contact\" novalidate=\"novalidate\" data-status=\"init\">\n<fieldset class=\"hidden-fields-container\"><input type=\"hidden\" name=\"_wpcf7\" value=\"247\" \/><input type=\"hidden\" name=\"_wpcf7_version\" value=\"6.1.1\" \/><input type=\"hidden\" name=\"_wpcf7_locale\" value=\"fr_FR\" \/><input type=\"hidden\" name=\"_wpcf7_unit_tag\" value=\"wpcf7-f247-o1\" \/><input type=\"hidden\" name=\"_wpcf7_container_post\" value=\"0\" \/><input type=\"hidden\" name=\"_wpcf7_posted_data_hash\" value=\"\" \/><input type=\"hidden\" name=\"_wpcf7_recaptcha_response\" value=\"\" \/>\n<\/fieldset>\n<div>\n\t<h6> Nom*\n\t<\/h6>\n\t<p><span class=\"wpcf7-form-control-wrap\" data-name=\"your-name\"><input size=\"40\" maxlength=\"400\" class=\"wpcf7-form-control wpcf7-text wpcf7-validates-as-required\" aria-required=\"true\" aria-invalid=\"false\" value=\"\" type=\"text\" name=\"your-name\" \/><\/span>\n\t<\/p>\n<\/div>\n<div>\n\t<h6>Email\n\t<\/h6>\n\t<p><span class=\"wpcf7-form-control-wrap\" data-name=\"your-email\"><input size=\"40\" maxlength=\"400\" class=\"wpcf7-form-control wpcf7-email wpcf7-validates-as-required wpcf7-text wpcf7-validates-as-email\" aria-required=\"true\" aria-invalid=\"false\" value=\"\" type=\"email\" name=\"your-email\" \/><\/span>\n\t<\/p>\n<\/div>\n<div>\n\t<h6> T\u00e9l\u00e9phone\n\t<\/h6>\n\t<p><span class=\"wpcf7-form-control-wrap\" data-name=\"your-tel\"><input size=\"40\" maxlength=\"400\" class=\"wpcf7-form-control wpcf7-text\" aria-invalid=\"false\" value=\"\" type=\"text\" name=\"your-tel\" \/><\/span>\n\t<\/p>\n<\/div>\n<div>\n\t<h6>Message\n\t<\/h6>\n\t<p><span class=\"wpcf7-form-control-wrap\" data-name=\"your-message\"><textarea cols=\"40\" rows=\"10\" maxlength=\"2000\" class=\"wpcf7-form-control wpcf7-textarea wpcf7-validates-as-required\" aria-required=\"true\" aria-invalid=\"false\" name=\"your-message\"><\/textarea><\/span>\n\t<\/p>\n<\/div>\n<p><input class=\"wpcf7-form-control wpcf7-submit has-spinner\" type=\"submit\" value=\"Envoyer\" \/>\n<\/p><p style=\"display: none !important;\" class=\"akismet-fields-container\" data-prefix=\"_wpcf7_ak_\"><label>&#916;<textarea name=\"_wpcf7_ak_hp_textarea\" cols=\"45\" rows=\"8\" maxlength=\"100\"><\/textarea><\/label><input type=\"hidden\" id=\"ak_js_1\" name=\"_wpcf7_ak_js\" value=\"229\"\/><script>document.getElementById( \"ak_js_1\" ).setAttribute( \"value\", ( new Date() ).getTime() );<\/script><\/p><div class=\"wpcf7-response-output\" aria-hidden=\"true\"><\/div>\n<\/form>\n<\/div>\n\n","protected":false},"excerpt":{"rendered":"<p>\u00c0 PROPOS \u00c0 l&#8217;\u00c9COUTE DE VOS DEMANDES Chez TCE Bati 3D, nous pla\u00e7ons vos besoins au c\u0153ur de notre d\u00e9marche. Gr\u00e2ce \u00e0 notre expertise en synth\u00e8se technique, BIM Management et mod\u00e9lisation 3D, nous vous accompagnons \u00e0 chaque \u00e9tape de votre projet, en assurant une parfaite coordination entre les diff\u00e9rents acteurs. Notre approche collaborative et notre &hellip; <\/p>\n<p class=\"link-more\"><a href=\"https:\/\/tcebati3d.com\/\" class=\"more-link\">Read more<span class=\"screen-reader-text\"> &#8220;Accueil&#8221;<\/span><\/a><\/p>\n","protected":false},"author":1,"featured_media":0,"parent":0,"menu_order":0,"comment_status":"closed","ping_status":"closed","template":"","meta":{"footnotes":""},"class_list":["post-12","page","type-page","status-publish","hentry"],"yoast_head":"<!-- This site is optimized with the Yoast SEO plugin v25.8 - https:\/\/yoast.com\/wordpress\/plugins\/seo\/ -->\n<title>TCE BATI 3D - Synth\u00e8se, BIM Management &amp; Mod\u00e9lisation 3D<\/title>\n<meta name=\"description\" content=\"Chez TCE Bati 3D, nous pla\u00e7ons vos besoins au c\u0153ur de notre d\u00e9marche gr\u00e2ce \u00e0 notre expertise en synth\u00e8se, BIM Management et mod\u00e9lisation 3D\" \/>\n<meta name=\"robots\" content=\"index, follow, max-snippet:-1, max-image-preview:large, max-video-preview:-1\" \/>\n<link rel=\"canonical\" href=\"https:\/\/tcebati3d.com\/\" \/>\n<meta property=\"og:locale\" content=\"en_US\" \/>\n<meta property=\"og:type\" content=\"article\" \/>\n<meta property=\"og:title\" content=\"TCE BATI 3D - Synth\u00e8se, BIM Management &amp; Mod\u00e9lisation 3D\" \/>\n<meta property=\"og:description\" content=\"Chez TCE Bati 3D, nous pla\u00e7ons vos besoins au c\u0153ur de notre d\u00e9marche gr\u00e2ce \u00e0 notre expertise en synth\u00e8se, BIM Management et mod\u00e9lisation 3D\" \/>\n<meta property=\"og:url\" content=\"https:\/\/tcebati3d.com\/\" \/>\n<meta property=\"og:site_name\" content=\"TCE BATI 3D\" \/>\n<meta property=\"article:modified_time\" content=\"2025-11-18T13:57:19+00:00\" \/>\n<meta property=\"og:image\" content=\"http:\/\/tcebati3d.com\/wp-content\/uploads\/2025\/04\/david-citation.png\" \/>\n<meta name=\"twitter:card\" content=\"summary_large_image\" \/>\n<meta name=\"twitter:label1\" content=\"Est. reading time\" \/>\n\t<meta name=\"twitter:data1\" content=\"7 minutes\" \/>\n<script type=\"application\/ld+json\" class=\"yoast-schema-graph\">{\"@context\":\"https:\/\/schema.org\",\"@graph\":[{\"@type\":\"WebPage\",\"@id\":\"https:\/\/tcebati3d.com\/\",\"url\":\"https:\/\/tcebati3d.com\/\",\"name\":\"TCE BATI 3D - Synth\u00e8se, BIM Management & Mod\u00e9lisation 3D\",\"isPartOf\":{\"@id\":\"https:\/\/tcebati3d.com\/#website\"},\"primaryImageOfPage\":{\"@id\":\"https:\/\/tcebati3d.com\/#primaryimage\"},\"image\":{\"@id\":\"https:\/\/tcebati3d.com\/#primaryimage\"},\"thumbnailUrl\":\"http:\/\/tcebati3d.com\/wp-content\/uploads\/2025\/04\/david-citation.png\",\"datePublished\":\"2025-04-15T09:42:26+00:00\",\"dateModified\":\"2025-11-18T13:57:19+00:00\",\"description\":\"Chez TCE Bati 3D, nous pla\u00e7ons vos besoins au c\u0153ur de notre d\u00e9marche gr\u00e2ce \u00e0 notre expertise en synth\u00e8se, BIM Management et mod\u00e9lisation 3D\",\"breadcrumb\":{\"@id\":\"https:\/\/tcebati3d.com\/#breadcrumb\"},\"inLanguage\":\"en-US\",\"potentialAction\":[{\"@type\":\"ReadAction\",\"target\":[\"https:\/\/tcebati3d.com\/\"]}]},{\"@type\":\"ImageObject\",\"inLanguage\":\"en-US\",\"@id\":\"https:\/\/tcebati3d.com\/#primaryimage\",\"url\":\"http:\/\/tcebati3d.com\/wp-content\/uploads\/2025\/04\/david-citation.png\",\"contentUrl\":\"http:\/\/tcebati3d.com\/wp-content\/uploads\/2025\/04\/david-citation.png\"},{\"@type\":\"BreadcrumbList\",\"@id\":\"https:\/\/tcebati3d.com\/#breadcrumb\",\"itemListElement\":[{\"@type\":\"ListItem\",\"position\":1,\"name\":\"Accueil\",\"item\":\"https:\/\/tcebati3d.com\/\"},{\"@type\":\"ListItem\",\"position\":2,\"name\":\"Accueil\"}]},{\"@type\":\"WebSite\",\"@id\":\"https:\/\/tcebati3d.com\/#website\",\"url\":\"https:\/\/tcebati3d.com\/\",\"name\":\"TCE BATI 3D\",\"description\":\"Synth\u00e8se - BIM Management - Mod\u00e9lisation\",\"publisher\":{\"@id\":\"https:\/\/tcebati3d.com\/#organization\"},\"potentialAction\":[{\"@type\":\"SearchAction\",\"target\":{\"@type\":\"EntryPoint\",\"urlTemplate\":\"https:\/\/tcebati3d.com\/?s={search_term_string}\"},\"query-input\":{\"@type\":\"PropertyValueSpecification\",\"valueRequired\":true,\"valueName\":\"search_term_string\"}}],\"inLanguage\":\"en-US\"},{\"@type\":\"Organization\",\"@id\":\"https:\/\/tcebati3d.com\/#organization\",\"name\":\"TCE BATI 3D\",\"url\":\"https:\/\/tcebati3d.com\/\",\"logo\":{\"@type\":\"ImageObject\",\"inLanguage\":\"en-US\",\"@id\":\"https:\/\/tcebati3d.com\/#\/schema\/logo\/image\/\",\"url\":\"https:\/\/tcebati3d.com\/wp-content\/uploads\/2025\/04\/logo-tce-rond.png\",\"contentUrl\":\"https:\/\/tcebati3d.com\/wp-content\/uploads\/2025\/04\/logo-tce-rond.png\",\"width\":1048,\"height\":1048,\"caption\":\"TCE BATI 3D\"},\"image\":{\"@id\":\"https:\/\/tcebati3d.com\/#\/schema\/logo\/image\/\"}}]}<\/script>\n<!-- \/ Yoast SEO plugin. -->","yoast_head_json":{"title":"TCE BATI 3D - Synth\u00e8se, BIM Management & Mod\u00e9lisation 3D","description":"Chez TCE Bati 3D, nous pla\u00e7ons vos besoins au c\u0153ur de notre d\u00e9marche gr\u00e2ce \u00e0 notre expertise en synth\u00e8se, BIM Management et mod\u00e9lisation 3D","robots":{"index":"index","follow":"follow","max-snippet":"max-snippet:-1","max-image-preview":"max-image-preview:large","max-video-preview":"max-video-preview:-1"},"canonical":"https:\/\/tcebati3d.com\/","og_locale":"en_US","og_type":"article","og_title":"TCE BATI 3D - Synth\u00e8se, BIM Management & Mod\u00e9lisation 3D","og_description":"Chez TCE Bati 3D, nous pla\u00e7ons vos besoins au c\u0153ur de notre d\u00e9marche gr\u00e2ce \u00e0 notre expertise en synth\u00e8se, BIM Management et mod\u00e9lisation 3D","og_url":"https:\/\/tcebati3d.com\/","og_site_name":"TCE BATI 3D","article_modified_time":"2025-11-18T13:57:19+00:00","og_image":[{"url":"http:\/\/tcebati3d.com\/wp-content\/uploads\/2025\/04\/david-citation.png","type":"","width":"","height":""}],"twitter_card":"summary_large_image","twitter_misc":{"Est. reading time":"7 minutes"},"schema":{"@context":"https:\/\/schema.org","@graph":[{"@type":"WebPage","@id":"https:\/\/tcebati3d.com\/","url":"https:\/\/tcebati3d.com\/","name":"TCE BATI 3D - Synth\u00e8se, BIM Management & Mod\u00e9lisation 3D","isPartOf":{"@id":"https:\/\/tcebati3d.com\/#website"},"primaryImageOfPage":{"@id":"https:\/\/tcebati3d.com\/#primaryimage"},"image":{"@id":"https:\/\/tcebati3d.com\/#primaryimage"},"thumbnailUrl":"http:\/\/tcebati3d.com\/wp-content\/uploads\/2025\/04\/david-citation.png","datePublished":"2025-04-15T09:42:26+00:00","dateModified":"2025-11-18T13:57:19+00:00","description":"Chez TCE Bati 3D, nous pla\u00e7ons vos besoins au c\u0153ur de notre d\u00e9marche gr\u00e2ce \u00e0 notre expertise en synth\u00e8se, BIM Management et mod\u00e9lisation 3D","breadcrumb":{"@id":"https:\/\/tcebati3d.com\/#breadcrumb"},"inLanguage":"en-US","potentialAction":[{"@type":"ReadAction","target":["https:\/\/tcebati3d.com\/"]}]},{"@type":"ImageObject","inLanguage":"en-US","@id":"https:\/\/tcebati3d.com\/#primaryimage","url":"http:\/\/tcebati3d.com\/wp-content\/uploads\/2025\/04\/david-citation.png","contentUrl":"http:\/\/tcebati3d.com\/wp-content\/uploads\/2025\/04\/david-citation.png"},{"@type":"BreadcrumbList","@id":"https:\/\/tcebati3d.com\/#breadcrumb","itemListElement":[{"@type":"ListItem","position":1,"name":"Accueil","item":"https:\/\/tcebati3d.com\/"},{"@type":"ListItem","position":2,"name":"Accueil"}]},{"@type":"WebSite","@id":"https:\/\/tcebati3d.com\/#website","url":"https:\/\/tcebati3d.com\/","name":"TCE BATI 3D","description":"Synth\u00e8se - BIM Management - Mod\u00e9lisation","publisher":{"@id":"https:\/\/tcebati3d.com\/#organization"},"potentialAction":[{"@type":"SearchAction","target":{"@type":"EntryPoint","urlTemplate":"https:\/\/tcebati3d.com\/?s={search_term_string}"},"query-input":{"@type":"PropertyValueSpecification","valueRequired":true,"valueName":"search_term_string"}}],"inLanguage":"en-US"},{"@type":"Organization","@id":"https:\/\/tcebati3d.com\/#organization","name":"TCE BATI 3D","url":"https:\/\/tcebati3d.com\/","logo":{"@type":"ImageObject","inLanguage":"en-US","@id":"https:\/\/tcebati3d.com\/#\/schema\/logo\/image\/","url":"https:\/\/tcebati3d.com\/wp-content\/uploads\/2025\/04\/logo-tce-rond.png","contentUrl":"https:\/\/tcebati3d.com\/wp-content\/uploads\/2025\/04\/logo-tce-rond.png","width":1048,"height":1048,"caption":"TCE BATI 3D"},"image":{"@id":"https:\/\/tcebati3d.com\/#\/schema\/logo\/image\/"}}]}},"_links":{"self":[{"href":"https:\/\/tcebati3d.com\/index.php\/wp-json\/wp\/v2\/pages\/12","targetHints":{"allow":["GET"]}}],"collection":[{"href":"https:\/\/tcebati3d.com\/index.php\/wp-json\/wp\/v2\/pages"}],"about":[{"href":"https:\/\/tcebati3d.com\/index.php\/wp-json\/wp\/v2\/types\/page"}],"author":[{"embeddable":true,"href":"https:\/\/tcebati3d.com\/index.php\/wp-json\/wp\/v2\/users\/1"}],"replies":[{"embeddable":true,"href":"https:\/\/tcebati3d.com\/index.php\/wp-json\/wp\/v2\/comments?post=12"}],"version-history":[{"count":37,"href":"https:\/\/tcebati3d.com\/index.php\/wp-json\/wp\/v2\/pages\/12\/revisions"}],"predecessor-version":[{"id":347,"href":"https:\/\/tcebati3d.com\/index.php\/wp-json\/wp\/v2\/pages\/12\/revisions\/347"}],"wp:attachment":[{"href":"https:\/\/tcebati3d.com\/index.php\/wp-json\/wp\/v2\/media?parent=12"}],"curies":[{"name":"wp","href":"https:\/\/api.w.org\/{rel}","templated":true}]}}