{"id":3,"date":"2025-04-15T11:35:28","date_gmt":"2025-04-15T09:35:28","guid":{"rendered":"http:\/\/tcebati3d.com\/?page_id=3"},"modified":"2025-04-23T09:57:13","modified_gmt":"2025-04-23T07:57:13","slug":"politique-de-confidentialite","status":"publish","type":"page","link":"https:\/\/tcebati3d.com\/index.php\/politique-de-confidentialite\/","title":{"rendered":"Politique de confidentialit\u00e9"},"content":{"rendered":"<h1 style=\"text-align: center;\"><b>Politique de confidentialit\u00e9<\/b><\/h1>\n<h2><b>1. Gestion des donn\u00e9es personnelles<\/b><\/h2>\n<p><span style=\"font-weight: 400;\">TCE Bati 3D s&#8217;engage \u00e0 respecter les r\u00e9glementations en vigueur concernant la protection des donn\u00e9es personnelles, notamment la loi du 21 juin 2014 pour la confiance dans l&#8217;\u00e9conomie num\u00e9rique, la loi &#8220;Informatique et Libert\u00e9s&#8221; du 6 ao\u00fbt 2004, ainsi que le R\u00e8glement G\u00e9n\u00e9ral sur la Protection des Donn\u00e9es (RGPD : n\u00b0 2016-679).\u200b<\/span><\/p>\n<h2><b>2. Responsable de la collecte des donn\u00e9es personnelles<\/b><\/h2>\n<p><span style=\"font-weight: 400;\">Le responsable du traitement des donn\u00e9es personnelles collect\u00e9es sur le site<\/span><a href=\"https:\/\/tcebati3d.com\"> <span style=\"font-weight: 400;\">https:\/\/tcebati3d.com<\/span><\/a><span style=\"font-weight: 400;\"> est TCE Bati 3D.\u200b<\/span><\/p>\n<p><span style=\"font-weight: 400;\">En tant que responsable du traitement, TCE Bati 3D s&#8217;engage \u00e0 d\u00e9terminer les finalit\u00e9s des traitements de donn\u00e9es, \u00e0 fournir aux utilisateurs une information compl\u00e8te sur le traitement de leurs donn\u00e9es personnelles, et \u00e0 maintenir un registre des traitements conforme \u00e0 la r\u00e9alit\u00e9.\u200b<\/span><\/p>\n<h2><b>3. Finalit\u00e9 des donn\u00e9es collect\u00e9es<\/b><\/h2>\n<p><span style=\"font-weight: 400;\">TCE Bati 3D est susceptible de traiter tout ou partie des donn\u00e9es collect\u00e9es pour :\u200b<\/span><\/p>\n<ul>\n<li style=\"font-weight: 400;\" aria-level=\"1\"><span style=\"font-weight: 400;\">Permettre la navigation sur le site et la gestion des services propos\u00e9s : donn\u00e9es de connexion et d&#8217;utilisation du site, facturation, historique des commandes, etc.\u200b<\/span>&nbsp;<\/li>\n<li style=\"font-weight: 400;\" aria-level=\"1\"><span style=\"font-weight: 400;\">Pr\u00e9venir et lutter contre la fraude informatique (spamming, hacking\u2026) : mat\u00e9riel informatique utilis\u00e9 pour la navigation, adresse IP, mot de passe (hash\u00e9).\u200b<\/span>&nbsp;<\/li>\n<li style=\"font-weight: 400;\" aria-level=\"1\"><span style=\"font-weight: 400;\">Am\u00e9liorer la navigation sur le site : donn\u00e9es de connexion et d&#8217;utilisation.\u200b<\/span>&nbsp;<\/li>\n<li style=\"font-weight: 400;\" aria-level=\"1\"><span style=\"font-weight: 400;\">Mener des enqu\u00eates de satisfaction facultatives : adresse email.<\/span>&nbsp;<\/li>\n<li style=\"font-weight: 400;\" aria-level=\"1\"><span style=\"font-weight: 400;\">Mener des campagnes de communication (sms, mail) : num\u00e9ro de t\u00e9l\u00e9phone, adresse email.\u200b<\/span>&nbsp;<\/li>\n<\/ul>\n<p><span style=\"font-weight: 400;\">TCE Bati 3D ne commercialise pas vos donn\u00e9es personnelles, qui sont donc uniquement utilis\u00e9es par n\u00e9cessit\u00e9 ou \u00e0 des fins statistiques et d&#8217;analyses.\u200b<\/span><\/p>\n<h2><b>4. Droits des utilisateurs<\/b><\/h2>\n<p><span style=\"font-weight: 400;\">Conform\u00e9ment \u00e0 la r\u00e9glementation europ\u00e9enne en vigueur, les utilisateurs de<\/span><a href=\"https:\/\/tcebati3d.com\"> <span style=\"font-weight: 400;\">https:\/\/tcebati3d.com<\/span><\/a><span style=\"font-weight: 400;\"> disposent des droits suivants :\u200b<\/span><\/p>\n<ul>\n<li style=\"font-weight: 400;\" aria-level=\"1\"><span style=\"font-weight: 400;\">Droit d&#8217;acc\u00e8s (article 15 RGPD) et de rectification (article 16 RGPD), de mise \u00e0 jour, de compl\u00e9tude des donn\u00e9es des utilisateurs.\u200b<\/span>&nbsp;<\/li>\n<li style=\"font-weight: 400;\" aria-level=\"1\"><span style=\"font-weight: 400;\">Droit de verrouillage ou d&#8217;effacement des donn\u00e9es des utilisateurs \u00e0 caract\u00e8re personnel (article 17 du RGPD), lorsqu&#8217;elles sont inexactes, incompl\u00e8tes, \u00e9quivoques, p\u00e9rim\u00e9es, ou dont la collecte, l&#8217;utilisation, la communication ou la conservation est interdite.\u200b<\/span>&nbsp;<\/li>\n<li style=\"font-weight: 400;\" aria-level=\"1\"><span style=\"font-weight: 400;\">Droit de retirer \u00e0 tout moment un consentement (article 13-2c RGPD).\u200b<\/span>&nbsp;<\/li>\n<li style=\"font-weight: 400;\" aria-level=\"1\"><span style=\"font-weight: 400;\">Droit \u00e0 la limitation du traitement des donn\u00e9es des utilisateurs (article 18 RGPD).\u200b<\/span>&nbsp;<\/li>\n<li style=\"font-weight: 400;\" aria-level=\"1\"><span style=\"font-weight: 400;\">Droit d&#8217;opposition au traitement des donn\u00e9es des utilisateurs (article 21 RGPD)<\/span>&nbsp;<\/li>\n<li style=\"font-weight: 400;\" aria-level=\"1\"><span style=\"font-weight: 400;\">Droit \u00e0 la portabilit\u00e9 des donn\u00e9es que les utilisateurs auront fournies, lorsque ces donn\u00e9es font l&#8217;objet de traitements automatis\u00e9s fond\u00e9s sur leur consentement ou sur un contrat (article 20 RGPD).\u200b<\/span>&nbsp;<\/li>\n<\/ul>\n<p><span style=\"font-weight: 400;\">Pour exercer ces droits, vous pouvez contacter TCE Bati 3D \u00e0 l&#8217;adresse suivante : contact@tcebati3d.com.\u200b<\/span><\/p>\n<h2><b>5. Utilisation des cookies<\/b><\/h2>\n<p><span style=\"font-weight: 400;\">Le site<\/span><a href=\"https:\/\/tcebati3d.com\"> <span style=\"font-weight: 400;\">https:\/\/tcebati3d.com<\/span><\/a><span style=\"font-weight: 400;\"> utilise des cookies pour am\u00e9liorer votre exp\u00e9rience de navigation. Les cookies n\u00e9cessaires sont essentiels au fonctionnement du site. Des cookies tiers peuvent \u00e9galement \u00eatre utilis\u00e9s pour analyser et comprendre comment vous utilisez le site. Ces cookies ne seront stock\u00e9s dans votre navigateur qu&#8217;avec votre consentement. Vous avez la possibilit\u00e9 de d\u00e9sactiver ces cookies, mais cela peut affecter votre exp\u00e9rience de navigation.<\/span><\/p>\n","protected":false},"excerpt":{"rendered":"<p>Politique de confidentialit\u00e9 1. Gestion des donn\u00e9es personnelles TCE Bati 3D s&#8217;engage \u00e0 respecter les r\u00e9glementations en vigueur concernant la protection des donn\u00e9es personnelles, notamment la loi du 21 juin 2014 pour la confiance dans l&#8217;\u00e9conomie num\u00e9rique, la loi &#8220;Informatique et Libert\u00e9s&#8221; du 6 ao\u00fbt 2004, ainsi que le R\u00e8glement G\u00e9n\u00e9ral sur la Protection des &hellip; <\/p>\n<p class=\"link-more\"><a href=\"https:\/\/tcebati3d.com\/index.php\/politique-de-confidentialite\/\" class=\"more-link\">Read more<span class=\"screen-reader-text\"> &#8220;Politique de confidentialit\u00e9&#8221;<\/span><\/a><\/p>\n","protected":false},"author":1,"featured_media":0,"parent":0,"menu_order":0,"comment_status":"closed","ping_status":"open","template":"","meta":{"footnotes":""},"class_list":["post-3","page","type-page","status-publish","hentry"],"yoast_head":"<!-- This site is optimized with the Yoast SEO plugin v25.8 - https:\/\/yoast.com\/wordpress\/plugins\/seo\/ -->\n<title>Politique de confidentialit\u00e9 - TCE BATI 3D<\/title>\n<meta name=\"robots\" content=\"index, follow, max-snippet:-1, max-image-preview:large, max-video-preview:-1\" \/>\n<link rel=\"canonical\" href=\"http:\/\/tcebati3d.com\/index.php\/politique-de-confidentialite\/\" \/>\n<meta property=\"og:locale\" content=\"en_US\" \/>\n<meta property=\"og:type\" content=\"article\" \/>\n<meta property=\"og:title\" content=\"Politique de confidentialit\u00e9 - TCE BATI 3D\" \/>\n<meta property=\"og:description\" content=\"Politique de confidentialit\u00e9 1. Gestion des donn\u00e9es personnelles TCE Bati 3D s&#8217;engage \u00e0 respecter les r\u00e9glementations en vigueur concernant la protection des donn\u00e9es personnelles, notamment la loi du 21 juin 2014 pour la confiance dans l&#8217;\u00e9conomie num\u00e9rique, la loi &#8220;Informatique et Libert\u00e9s&#8221; du 6 ao\u00fbt 2004, ainsi que le R\u00e8glement G\u00e9n\u00e9ral sur la Protection des &hellip; Read more &quot;Politique de confidentialit\u00e9&quot;\" \/>\n<meta property=\"og:url\" content=\"http:\/\/tcebati3d.com\/index.php\/politique-de-confidentialite\/\" \/>\n<meta property=\"og:site_name\" content=\"TCE BATI 3D\" \/>\n<meta property=\"article:modified_time\" content=\"2025-04-23T07:57:13+00:00\" \/>\n<meta name=\"twitter:card\" content=\"summary_large_image\" \/>\n<meta name=\"twitter:label1\" content=\"Est. reading time\" \/>\n\t<meta name=\"twitter:data1\" content=\"3 minutes\" \/>\n<script type=\"application\/ld+json\" class=\"yoast-schema-graph\">{\"@context\":\"https:\/\/schema.org\",\"@graph\":[{\"@type\":\"WebPage\",\"@id\":\"http:\/\/tcebati3d.com\/index.php\/politique-de-confidentialite\/\",\"url\":\"http:\/\/tcebati3d.com\/index.php\/politique-de-confidentialite\/\",\"name\":\"Politique de confidentialit\u00e9 - TCE BATI 3D\",\"isPartOf\":{\"@id\":\"http:\/\/tcebati3d.com\/#website\"},\"datePublished\":\"2025-04-15T09:35:28+00:00\",\"dateModified\":\"2025-04-23T07:57:13+00:00\",\"breadcrumb\":{\"@id\":\"http:\/\/tcebati3d.com\/index.php\/politique-de-confidentialite\/#breadcrumb\"},\"inLanguage\":\"en-US\",\"potentialAction\":[{\"@type\":\"ReadAction\",\"target\":[\"http:\/\/tcebati3d.com\/index.php\/politique-de-confidentialite\/\"]}]},{\"@type\":\"BreadcrumbList\",\"@id\":\"http:\/\/tcebati3d.com\/index.php\/politique-de-confidentialite\/#breadcrumb\",\"itemListElement\":[{\"@type\":\"ListItem\",\"position\":1,\"name\":\"Accueil\",\"item\":\"http:\/\/tcebati3d.com\/\"},{\"@type\":\"ListItem\",\"position\":2,\"name\":\"Politique de confidentialit\u00e9\"}]},{\"@type\":\"WebSite\",\"@id\":\"http:\/\/tcebati3d.com\/#website\",\"url\":\"http:\/\/tcebati3d.com\/\",\"name\":\"TCE BATI 3D\",\"description\":\"Synth\u00e8se - BIM Management - Mod\u00e9lisation\",\"publisher\":{\"@id\":\"http:\/\/tcebati3d.com\/#organization\"},\"potentialAction\":[{\"@type\":\"SearchAction\",\"target\":{\"@type\":\"EntryPoint\",\"urlTemplate\":\"http:\/\/tcebati3d.com\/?s={search_term_string}\"},\"query-input\":{\"@type\":\"PropertyValueSpecification\",\"valueRequired\":true,\"valueName\":\"search_term_string\"}}],\"inLanguage\":\"en-US\"},{\"@type\":\"Organization\",\"@id\":\"http:\/\/tcebati3d.com\/#organization\",\"name\":\"TCE BATI 3D\",\"url\":\"http:\/\/tcebati3d.com\/\",\"logo\":{\"@type\":\"ImageObject\",\"inLanguage\":\"en-US\",\"@id\":\"http:\/\/tcebati3d.com\/#\/schema\/logo\/image\/\",\"url\":\"https:\/\/tcebati3d.com\/wp-content\/uploads\/2025\/04\/logo-tce-rond.png\",\"contentUrl\":\"https:\/\/tcebati3d.com\/wp-content\/uploads\/2025\/04\/logo-tce-rond.png\",\"width\":1048,\"height\":1048,\"caption\":\"TCE BATI 3D\"},\"image\":{\"@id\":\"http:\/\/tcebati3d.com\/#\/schema\/logo\/image\/\"}}]}<\/script>\n<!-- \/ Yoast SEO plugin. -->","yoast_head_json":{"title":"Politique de confidentialit\u00e9 - TCE BATI 3D","robots":{"index":"index","follow":"follow","max-snippet":"max-snippet:-1","max-image-preview":"max-image-preview:large","max-video-preview":"max-video-preview:-1"},"canonical":"http:\/\/tcebati3d.com\/index.php\/politique-de-confidentialite\/","og_locale":"en_US","og_type":"article","og_title":"Politique de confidentialit\u00e9 - TCE BATI 3D","og_description":"Politique de confidentialit\u00e9 1. Gestion des donn\u00e9es personnelles TCE Bati 3D s&#8217;engage \u00e0 respecter les r\u00e9glementations en vigueur concernant la protection des donn\u00e9es personnelles, notamment la loi du 21 juin 2014 pour la confiance dans l&#8217;\u00e9conomie num\u00e9rique, la loi &#8220;Informatique et Libert\u00e9s&#8221; du 6 ao\u00fbt 2004, ainsi que le R\u00e8glement G\u00e9n\u00e9ral sur la Protection des &hellip; Read more \"Politique de confidentialit\u00e9\"","og_url":"http:\/\/tcebati3d.com\/index.php\/politique-de-confidentialite\/","og_site_name":"TCE BATI 3D","article_modified_time":"2025-04-23T07:57:13+00:00","twitter_card":"summary_large_image","twitter_misc":{"Est. reading time":"3 minutes"},"schema":{"@context":"https:\/\/schema.org","@graph":[{"@type":"WebPage","@id":"http:\/\/tcebati3d.com\/index.php\/politique-de-confidentialite\/","url":"http:\/\/tcebati3d.com\/index.php\/politique-de-confidentialite\/","name":"Politique de confidentialit\u00e9 - TCE BATI 3D","isPartOf":{"@id":"http:\/\/tcebati3d.com\/#website"},"datePublished":"2025-04-15T09:35:28+00:00","dateModified":"2025-04-23T07:57:13+00:00","breadcrumb":{"@id":"http:\/\/tcebati3d.com\/index.php\/politique-de-confidentialite\/#breadcrumb"},"inLanguage":"en-US","potentialAction":[{"@type":"ReadAction","target":["http:\/\/tcebati3d.com\/index.php\/politique-de-confidentialite\/"]}]},{"@type":"BreadcrumbList","@id":"http:\/\/tcebati3d.com\/index.php\/politique-de-confidentialite\/#breadcrumb","itemListElement":[{"@type":"ListItem","position":1,"name":"Accueil","item":"http:\/\/tcebati3d.com\/"},{"@type":"ListItem","position":2,"name":"Politique de confidentialit\u00e9"}]},{"@type":"WebSite","@id":"http:\/\/tcebati3d.com\/#website","url":"http:\/\/tcebati3d.com\/","name":"TCE BATI 3D","description":"Synth\u00e8se - BIM Management - Mod\u00e9lisation","publisher":{"@id":"http:\/\/tcebati3d.com\/#organization"},"potentialAction":[{"@type":"SearchAction","target":{"@type":"EntryPoint","urlTemplate":"http:\/\/tcebati3d.com\/?s={search_term_string}"},"query-input":{"@type":"PropertyValueSpecification","valueRequired":true,"valueName":"search_term_string"}}],"inLanguage":"en-US"},{"@type":"Organization","@id":"http:\/\/tcebati3d.com\/#organization","name":"TCE BATI 3D","url":"http:\/\/tcebati3d.com\/","logo":{"@type":"ImageObject","inLanguage":"en-US","@id":"http:\/\/tcebati3d.com\/#\/schema\/logo\/image\/","url":"https:\/\/tcebati3d.com\/wp-content\/uploads\/2025\/04\/logo-tce-rond.png","contentUrl":"https:\/\/tcebati3d.com\/wp-content\/uploads\/2025\/04\/logo-tce-rond.png","width":1048,"height":1048,"caption":"TCE BATI 3D"},"image":{"@id":"http:\/\/tcebati3d.com\/#\/schema\/logo\/image\/"}}]}},"_links":{"self":[{"href":"https:\/\/tcebati3d.com\/index.php\/wp-json\/wp\/v2\/pages\/3","targetHints":{"allow":["GET"]}}],"collection":[{"href":"https:\/\/tcebati3d.com\/index.php\/wp-json\/wp\/v2\/pages"}],"about":[{"href":"https:\/\/tcebati3d.com\/index.php\/wp-json\/wp\/v2\/types\/page"}],"author":[{"embeddable":true,"href":"https:\/\/tcebati3d.com\/index.php\/wp-json\/wp\/v2\/users\/1"}],"replies":[{"embeddable":true,"href":"https:\/\/tcebati3d.com\/index.php\/wp-json\/wp\/v2\/comments?post=3"}],"version-history":[{"count":4,"href":"https:\/\/tcebati3d.com\/index.php\/wp-json\/wp\/v2\/pages\/3\/revisions"}],"predecessor-version":[{"id":303,"href":"https:\/\/tcebati3d.com\/index.php\/wp-json\/wp\/v2\/pages\/3\/revisions\/303"}],"wp:attachment":[{"href":"https:\/\/tcebati3d.com\/index.php\/wp-json\/wp\/v2\/media?parent=3"}],"curies":[{"name":"wp","href":"https:\/\/api.w.org\/{rel}","templated":true}]}}