{"id":304,"date":"2025-04-23T10:35:35","date_gmt":"2025-04-23T08:35:35","guid":{"rendered":"https:\/\/tcebati3d.com\/?page_id=304"},"modified":"2025-04-23T10:35:35","modified_gmt":"2025-04-23T08:35:35","slug":"mentions-legales","status":"publish","type":"page","link":"https:\/\/tcebati3d.com\/index.php\/mentions-legales\/","title":{"rendered":"Mentions L\u00e9gales"},"content":{"rendered":"<h1 style=\"text-align: center;\"><b>Mentions l\u00e9gales<\/b><\/h1>\n<h2><b>1. Pr\u00e9sentation du site internet<\/b><\/h2>\n<p><span style=\"font-weight: 400;\">En vertu de l&#8217;article 6 de la loi n\u00b0 2004-575 du 21 juin 2004 pour la confiance dans l&#8217;\u00e9conomie num\u00e9rique, il est pr\u00e9cis\u00e9 aux utilisateurs du site internet<\/span><a href=\"https:\/\/tcebati3d.com\"> <span style=\"font-weight: 400;\">https:\/\/tcebati3d.com<\/span><\/a><span style=\"font-weight: 400;\"> l&#8217;identit\u00e9 des diff\u00e9rents intervenants dans le cadre de sa r\u00e9alisation et de son suivi :\u200b<\/span><\/p>\n<ul>\n<li style=\"font-weight: 400;\" aria-level=\"1\"><b>Propri\u00e9taire<\/b><span style=\"font-weight: 400;\"> : TCE Bati 3D<\/span><span style=\"font-weight: 400;\">\n<p><\/span><\/li>\n<li style=\"font-weight: 400;\" aria-level=\"1\"><b>Responsable publication<\/b><span style=\"font-weight: 400;\"> : TCE Bati 3D<\/span><span style=\"font-weight: 400;\">\n<p><\/span><\/li>\n<li style=\"font-weight: 400;\" aria-level=\"1\"><b>Webmaster<\/b><span style=\"font-weight: 400;\"> : TCE Bati 3D<\/span><span style=\"font-weight: 400;\">\n<p><\/span><\/li>\n<li style=\"font-weight: 400;\" aria-level=\"1\"><b>H\u00e9bergeur<\/b><span style=\"font-weight: 400;\"> : OVH \u2013 2 rue Kellermann \u2013 BP 80157 \u2013 59053 ROUBAIX CEDEX 1 \u2013 France<\/span><span style=\"font-weight: 400;\">\n<p><\/span><\/li>\n<\/ul>\n<h2><b>2. Conditions g\u00e9n\u00e9rales d&#8217;utilisation du site et des services propos\u00e9s<\/b><\/h2>\n<p><span style=\"font-weight: 400;\">L&#8217;utilisation du site<\/span><a href=\"https:\/\/tcebati3d.com\"> <span style=\"font-weight: 400;\">https:\/\/tcebati3d.com<\/span><\/a><span style=\"font-weight: 400;\"> implique l&#8217;acceptation pleine et enti\u00e8re des conditions g\u00e9n\u00e9rales d&#8217;utilisation ci-apr\u00e8s d\u00e9crites. Ces conditions d&#8217;utilisation sont susceptibles d&#8217;\u00eatre modifi\u00e9es ou compl\u00e9t\u00e9es \u00e0 tout moment, les utilisateurs du site sont donc invit\u00e9s \u00e0 les consulter de mani\u00e8re r\u00e9guli\u00e8re.\u200b<\/span><\/p>\n<p><span style=\"font-weight: 400;\">Ce site est normalement accessible \u00e0 tout moment aux utilisateurs. Une interruption pour raison de maintenance technique peut \u00eatre toutefois d\u00e9cid\u00e9e par TCE Bati 3D, qui s&#8217;efforcera alors de communiquer pr\u00e9alablement aux utilisateurs les dates et heures de l&#8217;intervention.\u200b<\/span><\/p>\n<h2><b>3. Description des services fournis<\/b><\/h2>\n<p><span style=\"font-weight: 400;\">Le site<\/span><a href=\"https:\/\/tcebati3d.com\"> <span style=\"font-weight: 400;\">https:\/\/tcebati3d.com<\/span><\/a><span style=\"font-weight: 400;\"> a pour objet de fournir une information concernant l&#8217;ensemble des activit\u00e9s de la soci\u00e9t\u00e9.\u200b<\/span><\/p>\n<p><span style=\"font-weight: 400;\">TCE Bati 3D s&#8217;efforce de fournir sur le site des informations aussi pr\u00e9cises que possible. Toutefois, elle ne pourra \u00eatre tenue responsable des omissions, des inexactitudes et des carences dans la mise \u00e0 jour, qu&#8217;elles soient de son fait ou du fait des tiers partenaires qui lui fournissent ces informations.<\/span><\/p>\n<p><span style=\"font-weight: 400;\">Toutes les informations indiqu\u00e9es sur le site sont donn\u00e9es \u00e0 titre indicatif, et sont susceptibles d&#8217;\u00e9voluer. Par ailleurs, les renseignements figurant sur le site ne sont pas exhaustifs. Ils sont donn\u00e9s sous r\u00e9serve de modifications ayant \u00e9t\u00e9 apport\u00e9es depuis leur mise en ligne.\u200b<\/span><\/p>\n<h2><b>4. Limitations contractuelles sur les donn\u00e9es techniques<\/b><\/h2>\n<p><span style=\"font-weight: 400;\">Le site utilise la technologie JavaScript.\u200b<\/span><\/p>\n<p><span style=\"font-weight: 400;\">Le site Internet ne pourra \u00eatre tenu responsable de dommages mat\u00e9riels li\u00e9s \u00e0 l&#8217;utilisation du site. De plus, l&#8217;utilisateur du site s&#8217;engage \u00e0 acc\u00e9der au site en utilisant un mat\u00e9riel r\u00e9cent, ne contenant pas de virus et avec un navigateur de derni\u00e8re g\u00e9n\u00e9ration mis \u00e0 jour.<\/span><\/p>\n<p><span style=\"font-weight: 400;\">Le site<\/span><a href=\"https:\/\/tcebati3d.com\"> <span style=\"font-weight: 400;\">https:\/\/tcebati3d.com<\/span><\/a><span style=\"font-weight: 400;\"> est h\u00e9berg\u00e9 chez un prestataire sur le territoire de l&#8217;Union Europ\u00e9enne conform\u00e9ment aux dispositions du R\u00e8glement G\u00e9n\u00e9ral sur la Protection des Donn\u00e9es (RGPD : n\u00b0 2016-679).\u200b<\/span><\/p>\n<p><span style=\"font-weight: 400;\">L&#8217;objectif est d&#8217;apporter une prestation qui assure le meilleur taux d&#8217;accessibilit\u00e9. L&#8217;h\u00e9bergeur assure la continuit\u00e9 de son service 24 heures sur 24, tous les jours de l&#8217;ann\u00e9e. Il se r\u00e9serve n\u00e9anmoins la possibilit\u00e9 d&#8217;interrompre le service d&#8217;h\u00e9bergement pour les dur\u00e9es les plus courtes possibles notamment \u00e0 des fins de maintenance, d&#8217;am\u00e9lioration de ses infrastructures, de d\u00e9faillance de ses infrastructures ou si les prestations et services g\u00e9n\u00e8rent un trafic r\u00e9put\u00e9 anormal.\u200b<\/span><\/p>\n<p><span style=\"font-weight: 400;\">TCE Bati 3D et l&#8217;h\u00e9bergeur ne pourront \u00eatre tenus responsables en cas de dysfonctionnement du r\u00e9seau Internet, des lignes t\u00e9l\u00e9phoniques ou du mat\u00e9riel informatique et de t\u00e9l\u00e9phonie li\u00e9 notamment \u00e0 l&#8217;encombrement du r\u00e9seau emp\u00eachant l&#8217;acc\u00e8s au serveur.\u200b<\/span><\/p>\n<h2><b>5. Propri\u00e9t\u00e9 intellectuelle et contrefa\u00e7ons<\/b><\/h2>\n<p><span style=\"font-weight: 400;\">TCE Bati 3D est propri\u00e9taire des droits de propri\u00e9t\u00e9 intellectuelle et d\u00e9tient les droits d&#8217;usage sur tous les \u00e9l\u00e9ments accessibles sur le site internet, notamment les textes, images, graphismes, logos, vid\u00e9os, ic\u00f4nes et sons.\u200b<\/span><\/p>\n<p><span style=\"font-weight: 400;\">Toute reproduction, repr\u00e9sentation, modification, publication, adaptation de tout ou partie des \u00e9l\u00e9ments du site, quel que soit le moyen ou le proc\u00e9d\u00e9 utilis\u00e9, est interdite, sauf autorisation \u00e9crite pr\u00e9alable de TCE Bati 3D.\u200b<\/span><\/p>\n<p><span style=\"font-weight: 400;\">Toute exploitation non autoris\u00e9e du site ou de l&#8217;un quelconque des \u00e9l\u00e9ments qu&#8217;il contient sera consid\u00e9r\u00e9e comme constitutive d&#8217;une contrefa\u00e7on et poursuivie conform\u00e9ment aux dispositions des articles L.335-2 et suivants du Code de Propri\u00e9t\u00e9 Intellectuelle.\u200b<\/span><\/p>\n<h2><b>6. Limitations de responsabilit\u00e9<\/b><\/h2>\n<p><span style=\"font-weight: 400;\">TCE Bati 3D agit en tant qu&#8217;\u00e9diteur du site. TCE Bati 3D est responsable de la qualit\u00e9 et de la v\u00e9racit\u00e9 du contenu qu&#8217;elle publie.\u200b<\/span><\/p>\n<p><span style=\"font-weight: 400;\">TCE Bati 3D ne pourra \u00eatre tenue responsable des dommages directs et indirects caus\u00e9s au mat\u00e9riel de l&#8217;utilisateur, lors de l&#8217;acc\u00e8s au site internet<\/span><a href=\"https:\/\/tcebati3d.com\"> <span style=\"font-weight: 400;\">https:\/\/tcebati3d.com<\/span><\/a><span style=\"font-weight: 400;\">, et r\u00e9sultant soit de l&#8217;utilisation d&#8217;un mat\u00e9riel ne r\u00e9pondant pas aux sp\u00e9cifications indiqu\u00e9es au point 4, soit de l&#8217;apparition d&#8217;un bug ou d&#8217;une incompatibilit\u00e9.<\/span><\/p>\n<p><span style=\"font-weight: 400;\">TCE Bati 3D ne pourra \u00e9galement \u00eatre tenue responsable des dommages indirects (tels par exemple qu&#8217;une perte de march\u00e9 ou perte d&#8217;une chance) cons\u00e9cutifs \u00e0 l&#8217;utilisation du site<\/span><a href=\"https:\/\/tcebati3d.com\"> <span style=\"font-weight: 400;\">https:\/\/tcebati3d.com<\/span><\/a><\/p>\n","protected":false},"excerpt":{"rendered":"<p>Mentions l\u00e9gales 1. Pr\u00e9sentation du site internet En vertu de l&#8217;article 6 de la loi n\u00b0 2004-575 du 21 juin 2004 pour la confiance dans l&#8217;\u00e9conomie num\u00e9rique, il est pr\u00e9cis\u00e9 aux utilisateurs du site internet https:\/\/tcebati3d.com l&#8217;identit\u00e9 des diff\u00e9rents intervenants dans le cadre de sa r\u00e9alisation et de son suivi :\u200b Propri\u00e9taire : TCE Bati &hellip; <\/p>\n<p class=\"link-more\"><a href=\"https:\/\/tcebati3d.com\/index.php\/mentions-legales\/\" class=\"more-link\">Read more<span class=\"screen-reader-text\"> &#8220;Mentions L\u00e9gales&#8221;<\/span><\/a><\/p>\n","protected":false},"author":1,"featured_media":0,"parent":0,"menu_order":0,"comment_status":"closed","ping_status":"closed","template":"","meta":{"footnotes":""},"class_list":["post-304","page","type-page","status-publish","hentry"],"yoast_head":"<!-- This site is optimized with the Yoast SEO plugin v25.8 - https:\/\/yoast.com\/wordpress\/plugins\/seo\/ -->\n<title>Mentions L\u00e9gales - TCE BATI 3D<\/title>\n<meta name=\"robots\" content=\"index, follow, max-snippet:-1, max-image-preview:large, max-video-preview:-1\" \/>\n<link rel=\"canonical\" href=\"https:\/\/tcebati3d.com\/index.php\/mentions-legales\/\" \/>\n<meta property=\"og:locale\" content=\"en_US\" \/>\n<meta property=\"og:type\" content=\"article\" \/>\n<meta property=\"og:title\" content=\"Mentions L\u00e9gales - TCE BATI 3D\" \/>\n<meta property=\"og:description\" content=\"Mentions l\u00e9gales 1. Pr\u00e9sentation du site internet En vertu de l&#8217;article 6 de la loi n\u00b0 2004-575 du 21 juin 2004 pour la confiance dans l&#8217;\u00e9conomie num\u00e9rique, il est pr\u00e9cis\u00e9 aux utilisateurs du site internet https:\/\/tcebati3d.com l&#8217;identit\u00e9 des diff\u00e9rents intervenants dans le cadre de sa r\u00e9alisation et de son suivi :\u200b Propri\u00e9taire : TCE Bati &hellip; Read more &quot;Mentions L\u00e9gales&quot;\" \/>\n<meta property=\"og:url\" content=\"https:\/\/tcebati3d.com\/index.php\/mentions-legales\/\" \/>\n<meta property=\"og:site_name\" content=\"TCE BATI 3D\" \/>\n<meta name=\"twitter:card\" content=\"summary_large_image\" \/>\n<meta name=\"twitter:label1\" content=\"Est. reading time\" \/>\n\t<meta name=\"twitter:data1\" content=\"4 minutes\" \/>\n<script type=\"application\/ld+json\" class=\"yoast-schema-graph\">{\"@context\":\"https:\/\/schema.org\",\"@graph\":[{\"@type\":\"WebPage\",\"@id\":\"https:\/\/tcebati3d.com\/index.php\/mentions-legales\/\",\"url\":\"https:\/\/tcebati3d.com\/index.php\/mentions-legales\/\",\"name\":\"Mentions L\u00e9gales - TCE BATI 3D\",\"isPartOf\":{\"@id\":\"https:\/\/tcebati3d.com\/#website\"},\"datePublished\":\"2025-04-23T08:35:35+00:00\",\"breadcrumb\":{\"@id\":\"https:\/\/tcebati3d.com\/index.php\/mentions-legales\/#breadcrumb\"},\"inLanguage\":\"en-US\",\"potentialAction\":[{\"@type\":\"ReadAction\",\"target\":[\"https:\/\/tcebati3d.com\/index.php\/mentions-legales\/\"]}]},{\"@type\":\"BreadcrumbList\",\"@id\":\"https:\/\/tcebati3d.com\/index.php\/mentions-legales\/#breadcrumb\",\"itemListElement\":[{\"@type\":\"ListItem\",\"position\":1,\"name\":\"Accueil\",\"item\":\"https:\/\/tcebati3d.com\/\"},{\"@type\":\"ListItem\",\"position\":2,\"name\":\"Mentions L\u00e9gales\"}]},{\"@type\":\"WebSite\",\"@id\":\"https:\/\/tcebati3d.com\/#website\",\"url\":\"https:\/\/tcebati3d.com\/\",\"name\":\"TCE BATI 3D\",\"description\":\"Synth\u00e8se - BIM Management - Mod\u00e9lisation\",\"publisher\":{\"@id\":\"https:\/\/tcebati3d.com\/#organization\"},\"potentialAction\":[{\"@type\":\"SearchAction\",\"target\":{\"@type\":\"EntryPoint\",\"urlTemplate\":\"https:\/\/tcebati3d.com\/?s={search_term_string}\"},\"query-input\":{\"@type\":\"PropertyValueSpecification\",\"valueRequired\":true,\"valueName\":\"search_term_string\"}}],\"inLanguage\":\"en-US\"},{\"@type\":\"Organization\",\"@id\":\"https:\/\/tcebati3d.com\/#organization\",\"name\":\"TCE BATI 3D\",\"url\":\"https:\/\/tcebati3d.com\/\",\"logo\":{\"@type\":\"ImageObject\",\"inLanguage\":\"en-US\",\"@id\":\"https:\/\/tcebati3d.com\/#\/schema\/logo\/image\/\",\"url\":\"https:\/\/tcebati3d.com\/wp-content\/uploads\/2025\/04\/logo-tce-rond.png\",\"contentUrl\":\"https:\/\/tcebati3d.com\/wp-content\/uploads\/2025\/04\/logo-tce-rond.png\",\"width\":1048,\"height\":1048,\"caption\":\"TCE BATI 3D\"},\"image\":{\"@id\":\"https:\/\/tcebati3d.com\/#\/schema\/logo\/image\/\"}}]}<\/script>\n<!-- \/ Yoast SEO plugin. -->","yoast_head_json":{"title":"Mentions L\u00e9gales - TCE BATI 3D","robots":{"index":"index","follow":"follow","max-snippet":"max-snippet:-1","max-image-preview":"max-image-preview:large","max-video-preview":"max-video-preview:-1"},"canonical":"https:\/\/tcebati3d.com\/index.php\/mentions-legales\/","og_locale":"en_US","og_type":"article","og_title":"Mentions L\u00e9gales - TCE BATI 3D","og_description":"Mentions l\u00e9gales 1. Pr\u00e9sentation du site internet En vertu de l&#8217;article 6 de la loi n\u00b0 2004-575 du 21 juin 2004 pour la confiance dans l&#8217;\u00e9conomie num\u00e9rique, il est pr\u00e9cis\u00e9 aux utilisateurs du site internet https:\/\/tcebati3d.com l&#8217;identit\u00e9 des diff\u00e9rents intervenants dans le cadre de sa r\u00e9alisation et de son suivi :\u200b Propri\u00e9taire : TCE Bati &hellip; Read more \"Mentions L\u00e9gales\"","og_url":"https:\/\/tcebati3d.com\/index.php\/mentions-legales\/","og_site_name":"TCE BATI 3D","twitter_card":"summary_large_image","twitter_misc":{"Est. reading time":"4 minutes"},"schema":{"@context":"https:\/\/schema.org","@graph":[{"@type":"WebPage","@id":"https:\/\/tcebati3d.com\/index.php\/mentions-legales\/","url":"https:\/\/tcebati3d.com\/index.php\/mentions-legales\/","name":"Mentions L\u00e9gales - TCE BATI 3D","isPartOf":{"@id":"https:\/\/tcebati3d.com\/#website"},"datePublished":"2025-04-23T08:35:35+00:00","breadcrumb":{"@id":"https:\/\/tcebati3d.com\/index.php\/mentions-legales\/#breadcrumb"},"inLanguage":"en-US","potentialAction":[{"@type":"ReadAction","target":["https:\/\/tcebati3d.com\/index.php\/mentions-legales\/"]}]},{"@type":"BreadcrumbList","@id":"https:\/\/tcebati3d.com\/index.php\/mentions-legales\/#breadcrumb","itemListElement":[{"@type":"ListItem","position":1,"name":"Accueil","item":"https:\/\/tcebati3d.com\/"},{"@type":"ListItem","position":2,"name":"Mentions L\u00e9gales"}]},{"@type":"WebSite","@id":"https:\/\/tcebati3d.com\/#website","url":"https:\/\/tcebati3d.com\/","name":"TCE BATI 3D","description":"Synth\u00e8se - BIM Management - Mod\u00e9lisation","publisher":{"@id":"https:\/\/tcebati3d.com\/#organization"},"potentialAction":[{"@type":"SearchAction","target":{"@type":"EntryPoint","urlTemplate":"https:\/\/tcebati3d.com\/?s={search_term_string}"},"query-input":{"@type":"PropertyValueSpecification","valueRequired":true,"valueName":"search_term_string"}}],"inLanguage":"en-US"},{"@type":"Organization","@id":"https:\/\/tcebati3d.com\/#organization","name":"TCE BATI 3D","url":"https:\/\/tcebati3d.com\/","logo":{"@type":"ImageObject","inLanguage":"en-US","@id":"https:\/\/tcebati3d.com\/#\/schema\/logo\/image\/","url":"https:\/\/tcebati3d.com\/wp-content\/uploads\/2025\/04\/logo-tce-rond.png","contentUrl":"https:\/\/tcebati3d.com\/wp-content\/uploads\/2025\/04\/logo-tce-rond.png","width":1048,"height":1048,"caption":"TCE BATI 3D"},"image":{"@id":"https:\/\/tcebati3d.com\/#\/schema\/logo\/image\/"}}]}},"_links":{"self":[{"href":"https:\/\/tcebati3d.com\/index.php\/wp-json\/wp\/v2\/pages\/304","targetHints":{"allow":["GET"]}}],"collection":[{"href":"https:\/\/tcebati3d.com\/index.php\/wp-json\/wp\/v2\/pages"}],"about":[{"href":"https:\/\/tcebati3d.com\/index.php\/wp-json\/wp\/v2\/types\/page"}],"author":[{"embeddable":true,"href":"https:\/\/tcebati3d.com\/index.php\/wp-json\/wp\/v2\/users\/1"}],"replies":[{"embeddable":true,"href":"https:\/\/tcebati3d.com\/index.php\/wp-json\/wp\/v2\/comments?post=304"}],"version-history":[{"count":1,"href":"https:\/\/tcebati3d.com\/index.php\/wp-json\/wp\/v2\/pages\/304\/revisions"}],"predecessor-version":[{"id":305,"href":"https:\/\/tcebati3d.com\/index.php\/wp-json\/wp\/v2\/pages\/304\/revisions\/305"}],"wp:attachment":[{"href":"https:\/\/tcebati3d.com\/index.php\/wp-json\/wp\/v2\/media?parent=304"}],"curies":[{"name":"wp","href":"https:\/\/api.w.org\/{rel}","templated":true}]}}